{"id":2410,"date":"2025-04-21T19:06:13","date_gmt":"2025-04-21T17:06:13","guid":{"rendered":"https:\/\/goodvibesbaleares.com\/datenschutzerklaerung\/"},"modified":"2025-07-17T17:17:51","modified_gmt":"2025-07-17T15:17:51","slug":"datenschutzerklaerung","status":"publish","type":"page","link":"https:\/\/goodvibesbaleares.com\/de\/datenschutzerklaerung\/","title":{"rendered":"Datenschutzerkl\u00e4rung"},"content":{"rendered":"\t\t<div data-elementor-type=\"wp-page\" data-elementor-id=\"2410\" class=\"elementor elementor-2410 elementor-2141\" data-elementor-post-type=\"page\">\n\t\t\t\t<div class=\"elementor-element elementor-element-91ab09b e-flex e-con-boxed e-con e-parent\" data-id=\"91ab09b\" data-element_type=\"container\" data-e-type=\"container\" data-settings=\"{&quot;background_background&quot;:&quot;classic&quot;}\">\n\t\t\t\t\t<div class=\"e-con-inner\">\n\t\t\t\t<div class=\"elementor-element elementor-element-6412857 elementor-widget elementor-widget-text-editor\" data-id=\"6412857\" data-element_type=\"widget\" data-e-type=\"widget\" data-widget_type=\"text-editor.default\">\n\t\t\t\t<div class=\"elementor-widget-container\">\n\t\t\t\t\t\t\t\t\t<h3 data-start=\"251\" data-end=\"273\"><strong data-start=\"255\" data-end=\"273\">Datenschutzerkl\u00e4rung<\/strong><\/h3><p data-start=\"275\" data-end=\"405\">In dieser Datenschutzerkl\u00e4rung wird erl\u00e4utert, wie wir personenbezogene Daten auf der Website von <strong data-start=\"359\" data-end=\"391\">Good Vibes Baleares \u2013 Sound &amp; Talents<\/strong>, betrieben von, sammeln und verwenden:<\/p><p data-start=\"407\" data-end=\"569\"><strong data-start=\"407\" data-end=\"434\">Prim\u00e4rer Datenverantwortlicher<\/strong><br data-start=\"434\" data-end=\"437\"><strong data-start=\"437\" data-end=\"463\">Hubertus von Thuemmler<\/strong><br data-start=\"463\" data-end=\"466\">Plaza del Bisbe Berenguer de Palou 11, Entresuelo A<br data-start=\"517\" data-end=\"520\">07010 Palma de Mallorca, Spanien<br data-start=\"550\" data-end=\"553\">NIF: Y3106426Z<\/p><p data-start=\"571\" data-end=\"816\"><strong data-start=\"571\" data-end=\"608\">Technischer Betreiber der Website<\/strong><br data-start=\"608\" data-end=\"611\"><strong data-start=\"611\" data-end=\"632\">DEEGITALIZED Kft.<\/strong><br data-start=\"632\" data-end=\"635\">Krisztina k\u00f6r\u00fat 75. A. building, 7th floor, door 1<br data-start=\"685\" data-end=\"688\">1016 Budapest, Ungarn<br data-start=\"710\" data-end=\"713\">EU USt.ID: HU32808780<br data-start=\"735\" data-end=\"738\">Handelsregisternummer: 01-09-443727<br data-start=\"779\" data-end=\"782\">Vertreten durch: D\u00e1vid Edu\u00e1rd Czik\u00f3 <\/p><p data-start=\"818\" data-end=\"873\">Kontakt:<br data-start=\"826\" data-end=\"829\"><a class=\"cursor-pointer\" rel=\"noopener\" data-start=\"829\" data-end=\"854\">info@goodvibesbaleares.com<\/a><br data-start=\"854\" data-end=\"857\"><a class=\"\" href=\"http:\/\/www.goodvibesbaleares.com\" target=\"_new\" rel=\"noopener\" data-start=\"857\" data-end=\"873\">www.goodvibesbaleares.com<\/a><\/p><h3 data-start=\"880\" data-end=\"911\">1. Erfasste personenbezogene Daten<\/h3><p data-start=\"913\" data-end=\"984\">Wenn Sie \u00fcber die Website mit uns Kontakt aufnehmen, erfassen wir nur die folgenden Daten:<\/p><ul data-start=\"986\" data-end=\"1074\"><li data-start=\"986\" data-end=\"994\"><p data-start=\"988\" data-end=\"994\">Name<\/p><\/li><li data-start=\"995\" data-end=\"1013\"><p data-start=\"997\" data-end=\"1013\">E-Mail Adresse<\/p><\/li><li data-start=\"1014\" data-end=\"1041\"><p data-start=\"1016\" data-end=\"1041\">Telefonnummer (optional)<\/p><\/li><li data-start=\"1042\" data-end=\"1074\"><p data-start=\"1044\" data-end=\"1074\">Ereignisbezogene Nachricht oder Notizen<\/p><\/li><\/ul><p data-start=\"1076\" data-end=\"1173\">Diese Daten werden ausschlie\u00dflich dazu verwendet, um auf Ihre Anfrage zu antworten, einen Anruf zu vereinbaren oder ein individuelles Angebot zu versenden.<\/p><h3 data-start=\"1180\" data-end=\"1210\">2. Zweck und Rechtsgrundlage<\/h3><p data-start=\"1212\" data-end=\"1238\"><strong data-start=\"1212\" data-end=\"1238\">Zweck der Verarbeitung:<\/strong><\/p><ul data-start=\"1240\" data-end=\"1314\"><li data-start=\"1240\" data-end=\"1257\"><p data-start=\"1242\" data-end=\"1257\">Kommunikation<\/p><\/li><li data-start=\"1258\" data-end=\"1280\"><p data-start=\"1260\" data-end=\"1280\">\u00dcbermittlung von Angeboten<\/p><\/li><li data-start=\"1281\" data-end=\"1314\"><p data-start=\"1283\" data-end=\"1314\">Veranstaltungsplanung und -beratung<\/p><\/li><\/ul><p data-start=\"1316\" data-end=\"1332\"><strong data-start=\"1316\" data-end=\"1332\">Rechtsgrundlage:<\/strong><\/p><ul data-start=\"1334\" data-end=\"1448\"><li data-start=\"1334\" data-end=\"1388\"><p data-start=\"1336\" data-end=\"1388\">Einwilligung der betroffenen Person (Artikel 6 Absatz 1 Buchstabe a der DSGVO)<\/p><\/li><li data-start=\"1389\" data-end=\"1448\"><p data-start=\"1391\" data-end=\"1448\">Schritte vor dem Vertragsabschluss (Artikel 6 Absatz 1 Buchstabe b DSGVO)<\/p><\/li><\/ul><h3 data-start=\"1455\" data-end=\"1469\">3. Cookies<\/h3><p data-start=\"1471\" data-end=\"1490\">Wir verwenden Cookies f\u00fcr:<\/p><ul data-start=\"1492\" data-end=\"1614\"><li data-start=\"1492\" data-end=\"1517\"><p data-start=\"1494\" data-end=\"1517\">Funktionalit\u00e4t der Website<\/p><\/li><li data-start=\"1518\" data-end=\"1564\"><p data-start=\"1520\" data-end=\"1564\">Visitor statistics (e.g. Google Analytics)<\/p><\/li><li data-start=\"1565\" data-end=\"1614\"><p data-start=\"1567\" data-end=\"1614\">Personalisierte Werbung (Google Ads, Meta Ads)<\/p><\/li><\/ul><p data-start=\"1616\" data-end=\"1676\">Sie k\u00f6nnen Cookies \u00fcber Ihre Browsereinstellungen verwalten oder deaktivieren.<\/p><h3 data-start=\"1683\" data-end=\"1706\">4. Speicherdauer<\/h3><p data-start=\"1708\" data-end=\"1861\">Personenbezogene Daten werden bis zu 12 Monate oder bis zum Widerruf der Einwilligung gespeichert &#8211; es sei denn, gesetzliche Verpflichtungen (z. B. Buchhaltung) erfordern eine l\u00e4ngere Aufbewahrungsfrist.<\/p><h3 data-start=\"1868\" data-end=\"1902\">5. Daten\u00fcbertragungen und -verarbeiter<\/h3><p data-start=\"1904\" data-end=\"1938\">Externe Dienstleister, die wir nutzen:<\/p><ul data-start=\"1940\" data-end=\"2133\"><li data-start=\"1940\" data-end=\"1997\"><p data-start=\"1942\" data-end=\"1997\"><strong data-start=\"1942\" data-end=\"1962\">Website Hosting:<\/strong> Elementor Hosting (USA \/ Israel)<\/p><\/li><li data-start=\"2049\" data-end=\"2133\"><p data-start=\"2051\" data-end=\"2081\"><strong data-start=\"2051\" data-end=\"2079\">Werbung und Analytik:<\/strong><\/p><ul data-start=\"2084\" data-end=\"2133\"><li data-start=\"2084\" data-end=\"2099\"><p data-start=\"2086\" data-end=\"2099\">Google Inc.<\/p><\/li><li data-start=\"2102\" data-end=\"2133\"><p data-start=\"2104\" data-end=\"2133\">Meta Platforms Ireland Ltd.<\/p><\/li><\/ul><\/li><\/ul><h3 data-start=\"2140\" data-end=\"2180\">6. Bilder, Videos und Musikinhalte<\/h3><p data-start=\"2182\" data-end=\"2371\">Alle visuellen und musikalischen Inhalte auf dieser Website sind das geistige Eigentum von Good Vibes oder werden mit entsprechender Genehmigung verwendet. Die Vervielf\u00e4ltigung oder Verbreitung ist ohne schriftliche Genehmigung verboten. <\/p><h3 data-start=\"2378\" data-end=\"2396\">7. Ihre Rechte<\/h3><p data-start=\"2398\" data-end=\"2420\">Sie haben das Recht dazu:<\/p><ul data-start=\"2422\" data-end=\"2599\"><li data-start=\"2422\" data-end=\"2478\"><p data-start=\"2424\" data-end=\"2478\">Informationen \u00fcber die Verarbeitung Ihrer Daten anfordern<\/p><\/li><li data-start=\"2479\" data-end=\"2535\"><p data-start=\"2481\" data-end=\"2535\">Zugang, Berichtigung oder L\u00f6schung Ihrer Daten zu beantragen<\/p><\/li><li data-start=\"2536\" data-end=\"2572\"><p data-start=\"2538\" data-end=\"2572\">Die Verarbeitung einschr\u00e4nken oder zu widersprechen<\/p><\/li><li data-start=\"2573\" data-end=\"2599\"><p data-start=\"2575\" data-end=\"2599\">Daten\u00fcbertragbarkeit zu beantragen<\/p><\/li><\/ul><p data-start=\"2601\" data-end=\"2677\">Um Ihre Rechte geltend zu machen, setzen Sie sich bitte mit uns in Verbindung: <strong data-start=\"2648\" data-end=\"2677\"><a class=\"cursor-pointer\" rel=\"noopener\" data-start=\"2650\" data-end=\"2675\">info@goodvibesbaleares.com<\/a><\/strong><\/p><h3 data-start=\"2684\" data-end=\"2712\">8. Aufsichtsbeh\u00f6rde<\/h3><p data-start=\"2714\" data-end=\"2821\">Wenn Sie glauben, dass Ihre Datenschutzrechte verletzt wurden, k\u00f6nnen Sie sich an die zust\u00e4ndige Datenschutzbeh\u00f6rde wenden:<\/p><p data-start=\"2823\" data-end=\"2986\"><strong data-start=\"2823\" data-end=\"2873\">Agencia Espa\u00f1ola de Protecci\u00f3n de Datos (AEPD)<\/strong><br data-start=\"2873\" data-end=\"2876\">C\/ Jorge Juan, 6<br data-start=\"2892\" data-end=\"2895\">28001 Madrid, Spain<br data-start=\"2914\" data-end=\"2917\">Phone: +34 912 66 35 17<br data-start=\"2940\" data-end=\"2943\">Website: <a class=\"\" href=\"https:\/\/www.aepd.es\" target=\"_new\" rel=\"noopener\" data-start=\"2952\" data-end=\"2986\">www.aepd.es<\/a><\/p><h3 data-start=\"2993\" data-end=\"3028\">9. Externe Tools und Analysen<\/h3><p data-start=\"3030\" data-end=\"3114\">Um Ihre Nutzererfahrung und die Relevanz des Marketings zu verbessern, verwenden wir die folgenden Tools:<\/p><ul data-start=\"3116\" data-end=\"3352\"><li data-start=\"3116\" data-end=\"3167\"><p data-start=\"3118\" data-end=\"3167\"><strong data-start=\"3118\" data-end=\"3138\">Google Analytics<\/strong> \u2013 Analyse des Website-Verkehrs<\/p><\/li><li data-start=\"3168\" data-end=\"3213\"><p data-start=\"3170\" data-end=\"3213\"><strong data-start=\"3170\" data-end=\"3184\">Google Ads<\/strong> \u2013 personalisierte Werbung<\/p><\/li><li data-start=\"3214\" data-end=\"3289\"><p data-start=\"3216\" data-end=\"3289\"><strong data-start=\"3216\" data-end=\"3251\">Meta Ads (Facebook &amp; Instagram)<\/strong> \u2013 gezielte Werbung in sozialen Medien<\/p><\/li><li data-start=\"3290\" data-end=\"3352\"><p data-start=\"3292\" data-end=\"3352\"><strong data-start=\"3292\" data-end=\"3306\">Meta Pixel<\/strong> \u2013 verfolgt das Besucherverhalten nach der Anzeigeninteraktion<\/p><\/li><\/ul><p data-start=\"3354\" data-end=\"3460\">Diese Tools k\u00f6nnen Cookies auf Ihrem Ger\u00e4t ablegen. Sie k\u00f6nnen die Cookie-Pr\u00e4ferenzen \u00fcber Ihre Browser-Einstellungen verwalten. <\/p><p data-start=\"3462\" data-end=\"3496\">Deren Datenschutzbestimmungen finden Sie unter:<\/p><ul data-start=\"3497\" data-end=\"3666\"><li data-start=\"3497\" data-end=\"3583\"><p data-start=\"3499\" data-end=\"3583\">Google: <a class=\"\" href=\"https:\/\/policies.google.com\/privacy\" target=\"_new\" rel=\"noopener\" data-start=\"3507\" data-end=\"3581\">https:\/\/policies.google.com\/privacy<\/a><\/p><\/li><li data-start=\"3584\" data-end=\"3666\"><p data-start=\"3586\" data-end=\"3666\">Meta: <a class=\"\" href=\"https:\/\/www.facebook.com\/policy.php\" target=\"_new\" rel=\"noopener\" data-start=\"3592\" data-end=\"3666\">https:\/\/www.facebook.com\/policy.php<\/a><\/p><\/li><\/ul><p data-start=\"3673\" data-end=\"3735\"><strong data-start=\"3673\" data-end=\"3690\">Zuletzt aktualisiert:<\/strong> Juni 29, 2025<br data-start=\"3704\" data-end=\"3707\">Good Vibes Baleares \u2013 Sound &amp; Talents<\/p>\t\t\t\t\t\t\t\t<\/div>\n\t\t\t\t<\/div>\n\t\t\t\t\t<\/div>\n\t\t\t\t<\/div>\n\t\t\t\t<\/div>\n\t\t","protected":false},"excerpt":{"rendered":"<p>Datenschutzerkl\u00e4rung In dieser Datenschutzerkl\u00e4rung wird erl\u00e4utert, wie wir personenbezogene Daten auf der Website von Good Vibes Baleares \u2013 Sound &amp; Talents, betrieben von, sammeln und verwenden: Prim\u00e4rer DatenverantwortlicherHubertus von ThuemmlerPlaza del Bisbe Berenguer de Palou 11, Entresuelo A07010 Palma de Mallorca, SpanienNIF: Y3106426Z Technischer Betreiber der WebsiteDEEGITALIZED Kft.Krisztina k\u00f6r\u00fat 75. A. building, 7th floor, door [&hellip;]<\/p>\n","protected":false},"author":1,"featured_media":0,"parent":0,"menu_order":0,"comment_status":"closed","ping_status":"closed","template":"","meta":{"footnotes":""},"class_list":["post-2410","page","type-page","status-publish","hentry"],"_links":{"self":[{"href":"https:\/\/goodvibesbaleares.com\/de\/wp-json\/wp\/v2\/pages\/2410","targetHints":{"allow":["GET"]}}],"collection":[{"href":"https:\/\/goodvibesbaleares.com\/de\/wp-json\/wp\/v2\/pages"}],"about":[{"href":"https:\/\/goodvibesbaleares.com\/de\/wp-json\/wp\/v2\/types\/page"}],"author":[{"embeddable":true,"href":"https:\/\/goodvibesbaleares.com\/de\/wp-json\/wp\/v2\/users\/1"}],"replies":[{"embeddable":true,"href":"https:\/\/goodvibesbaleares.com\/de\/wp-json\/wp\/v2\/comments?post=2410"}],"version-history":[{"count":1,"href":"https:\/\/goodvibesbaleares.com\/de\/wp-json\/wp\/v2\/pages\/2410\/revisions"}],"predecessor-version":[{"id":2411,"href":"https:\/\/goodvibesbaleares.com\/de\/wp-json\/wp\/v2\/pages\/2410\/revisions\/2411"}],"wp:attachment":[{"href":"https:\/\/goodvibesbaleares.com\/de\/wp-json\/wp\/v2\/media?parent=2410"}],"curies":[{"name":"wp","href":"https:\/\/api.w.org\/{rel}","templated":true}]}}